{"id":3564,"date":"2017-09-20T08:15:59","date_gmt":"2017-09-20T07:15:59","guid":{"rendered":"https:\/\/annahealingtouch.co.uk\/about-me\/"},"modified":"2023-09-15T09:55:27","modified_gmt":"2023-09-15T08:55:27","slug":"about-me","status":"publish","type":"page","link":"https:\/\/annahealingtouch.co.uk\/en\/about-me\/","title":{"rendered":"About me"},"content":{"rendered":"<section class=\"wpb-content-wrapper\"><p>[vc_row row_content_width=&#8221;grid&#8221; disable_background_image=&#8221;&#8221; simple_background_image=&#8221;2944&#8243;][vc_column][vc_empty_space][vc_empty_space]<div class=\"mkdf-elements-holder   mkdf-one-column  mkdf-responsive-mode-768 \" ><div class=\"mkdf-eh-item    \"  data-item-class=\"mkdf-eh-custom-4148\" data-1280-1600=\"0 0 10px\" data-1024-1280=\"10px 0 20px\">\n\t\t<div class=\"mkdf-eh-item-inner\">\n\t\t<div class=\"mkdf-eh-item-content mkdf-eh-custom-4148\" style=\"padding: 0 0 20px\">\n\t\t\t[vc_empty_space][vc_column_text]<\/p>\n<h2 style=\"text-align: center;\">ABOUT ME<\/h2>\n<p>[\/vc_column_text]\t\t<\/div>\n\t<\/div>\n<\/div><\/div><div class=\"mkdf-elements-holder   mkdf-one-column  mkdf-responsive-mode-768 \" ><div class=\"mkdf-eh-item    \"  data-item-class=\"mkdf-eh-custom-3185\" data-1024-1280=\"0 16% 0\"  data-680-768=\"0 3% 0\" data-680=\"0 0\">\n\t\t<div class=\"mkdf-eh-item-inner\">\n\t\t<div class=\"mkdf-eh-item-content mkdf-eh-custom-3185\" style=\"padding: 0 20% 0\">\n\t\t\t[vc_column_text]<\/p>\n<div class=\"wpb_text_column wpb_content_element nd_options_text_align_center_responsive\">\n<div class=\"wpb_wrapper\">\n<p style=\"text-align: left;\">My name is Anna. When I was a child my grandmother used to tell me that I have healing energy in my hands that made the pain in her body disappear, giving a warm feeling to the area being massaged or touched. At that time I didn&#8217;t believe it was me doing something magical, but the feeling that I could help someone brought me great joy.<\/p>\n<p style=\"text-align: left;\">Most of my life I have been doing various jobs that was bringing a lot of negativity and bad feelings into my life. In 2015 when I stood at a crossroad in life seeking solace and relaxation for myself, I heard my inner voice saying that my path was to help others achieve peace and harmony.<\/p>\n<p style=\"text-align: left;\">What l needed for myself I began creating for others seeing how many people were suffering mentally or physically. Since then I have completed massage courses and l am still continuing the learning process. I also have a deep interest in deepening my knowledge about the impact of our difficult experiences, negative thoughts, emotions, traumas and internal conflicts on the physical body.<\/p>\n<\/div>\n<\/div>\n<div class=\"sarthony_section \" style=\"text-align: left;\"><\/div>\n<div class=\"wpb_text_column wpb_content_element nd_options_text_align_center_responsive\">\n<div class=\"wpb_wrapper\">\n<div class=\"flex flex-grow flex-col gap-3\">\n<div class=\"min-h-&#091;20px&#093; flex items-start overflow-x-auto whitespace-pre-wrap break-words flex-col gap-4\">\n<div class=\"markdown prose w-full break-words dark:prose-invert light\">\n<p style=\"text-align: left;\">Thanks to the ambience and safe space I create, I am able to put my clients into a deep state of relaxation, making it easier for them to connect with themselves and achieve inner peace, if only for the duration of the massage. It helps them to stop for a moment in the rushing world and put aside all the problems. My clients can feel taken care of and be assured that I will do my best to make each session special.<\/p>\n<p style=\"text-align: left;\">I do massages with love and passion, so there is no greater reward for me than seeing satisfied, smiling and relaxed people who free themselves from the burden they carry. This makes me believe that what l do has a deep meaning.<\/p>\n<\/div>\n<\/div>\n<\/div>\n<\/div>\n<\/div>\n<p>[\/vc_column_text][vc_empty_space]\t\t<\/div>\n\t<\/div>\n<\/div><\/div>[\/vc_column][\/vc_row][vc_row][vc_column][vc_empty_space][vc_column_text]<\/p>\n<h2 style=\"text-align: center;\">CUSTOMER REVIEWS<\/h2>\n<p>[\/vc_column_text][vc_empty_space]<div class=\"mkdf-testimonials-holder mkdf-testimonials-standard  clearfix\"><div class=\"mkdf-testimonials mkdf-owl-slider\" data-number-of-items=\"1\" data-enable-loop=\"yes\" data-enable-autoplay=\"yes\" data-slider-speed=\"5000\" data-slider-speed-animation=\"600\" data-enable-navigation=\"no\" data-enable-pagination=\"yes\" data-slider-animate-in=\"fadeInLeft\" data-slider-animate-out=\"fadeOutRight\"><div class=\"mkdf-testimonial-content\" id=\"mkdf-testimonials-3773\">\n\t<div class=\"mkdf-testimonial-quotes-holder\"><\/div>\n\t<div class=\"mkdf-testimonial-text-holder\">\n\t\t\t\t\t\t\t<p class=\"mkdf-testimonial-text\">Very professional service. I had a wonderful experience and I would highly recommend this to others. Definitely worth to try and for sure will visit again soon!<\/p>\n\t\t\t\t\t\t\t<h5 class=\"mkdf-testimonial-author\">\n\t\t\t\t<span class=\"mkdf-testimonials-author-name\">Krzysztof Imporowicz<\/span>\n\t\t\t<\/h5>\n\t\t\t\t\t\t<\/div>\n\t<\/div><div class=\"mkdf-testimonial-content\" id=\"mkdf-testimonials-3771\">\n\t<div class=\"mkdf-testimonial-quotes-holder\"><\/div>\n\t<div class=\"mkdf-testimonial-text-holder\">\n\t\t\t\t\t\t\t<p class=\"mkdf-testimonial-text\">Z ca\u0142ego serca polecam skorzystanie z profesjonalnych us\u0142ug masa\u017cystki Ani.  Masa\u017c wykonany w przemi\u0142ym nastr\u00f3ju podw\u00f3jnie leczy, rozlu\u017ania, b\u00f3l ust\u0119puje i samopoczucie jest radosne<\/p>\n\t\t\t\t\t\t\t<h5 class=\"mkdf-testimonial-author\">\n\t\t\t\t<span class=\"mkdf-testimonials-author-name\">Maria Raczkowska-\u015awider<\/span>\n\t\t\t<\/h5>\n\t\t\t\t\t\t<\/div>\n\t<\/div><div class=\"mkdf-testimonial-content\" id=\"mkdf-testimonials-3785\">\n\t<div class=\"mkdf-testimonial-quotes-holder\"><\/div>\n\t<div class=\"mkdf-testimonial-text-holder\">\n\t\t\t\t\t\t\t<p class=\"mkdf-testimonial-text\">Polecam z calego serca. Brak slow aby opisac jak sie czulam w trakcie i po. Atmosfera energia Ani jest cudowna. W czasie seansu znalazlam sie w innym swiecie...nie moge uwierzyc jak na mnie to podzialalo bo cialo stalo sie lekkie i bardzo odprezone. Wracam za miesiac juz sie nie moge doczekac bo twoje rece lecza.  Dzi\u0119kuj\u0119 pieknie.<\/p>\n\t\t\t\t\t\t\t<h5 class=\"mkdf-testimonial-author\">\n\t\t\t\t<span class=\"mkdf-testimonials-author-name\">Anita Motkowicz <\/span>\n\t\t\t<\/h5>\n\t\t\t\t\t\t<\/div>\n\t<\/div><div class=\"mkdf-testimonial-content\" id=\"mkdf-testimonials-3782\">\n\t<div class=\"mkdf-testimonial-quotes-holder\"><\/div>\n\t<div class=\"mkdf-testimonial-text-holder\">\n\t\t\t\t\t\t\t<p class=\"mkdf-testimonial-text\">Przyjemny czas dla cia\u0142a i umys\u0142u. Inspiruj\u0105ce rozmowy.  Relaksuj\u0105cy i odpr\u0119\u017caj\u0105cy czas daj\u0105cy now\u0105 przestrze\u0144 w ciele. Cz\u0142owiek czuje si\u0119 jak by kto\u015b zdj\u0105\u0142 ze 20 kg po takim zabiegu. Profesjonalne podej\u015bcie. Polecam z serca<\/p>\n\t\t\t\t\t\t\t<h5 class=\"mkdf-testimonial-author\">\n\t\t\t\t<span class=\"mkdf-testimonials-author-name\">Dalena Dalena<\/span>\n\t\t\t<\/h5>\n\t\t\t\t\t\t<\/div>\n\t<\/div><div class=\"mkdf-testimonial-content\" id=\"mkdf-testimonials-3779\">\n\t<div class=\"mkdf-testimonial-quotes-holder\"><\/div>\n\t<div class=\"mkdf-testimonial-text-holder\">\n\t\t\t\t\t\t\t<p class=\"mkdf-testimonial-text\">Bardzo polecam Ani masa\u017ce . Cudowny relaks , mi\u0142a atmosfera i pozytywna energia Ani<\/p>\n\t\t\t\t\t\t\t<h5 class=\"mkdf-testimonial-author\">\n\t\t\t\t<span class=\"mkdf-testimonials-author-name\">Iwona Jarotek <\/span>\n\t\t\t<\/h5>\n\t\t\t\t\t\t<\/div>\n\t<\/div><div class=\"mkdf-testimonial-content\" id=\"mkdf-testimonials-3776\">\n\t<div class=\"mkdf-testimonial-quotes-holder\"><\/div>\n\t<div class=\"mkdf-testimonial-text-holder\">\n\t\t\t\t\t\t\t<p class=\"mkdf-testimonial-text\">Highly recommend! Amazing atmosphere! Very professional. I always leave feeling so relaxed. Well priced and a great experience overall!<\/p>\n\t\t\t\t\t\t\t<h5 class=\"mkdf-testimonial-author\">\n\t\t\t\t<span class=\"mkdf-testimonials-author-name\">Ellie Tommy Cartier<\/span>\n\t\t\t<\/h5>\n\t\t\t\t\t\t<\/div>\n\t<\/div><\/div><\/div>[vc_empty_space][\/vc_column][\/vc_row]<\/p>\n<\/section>","protected":false},"excerpt":{"rendered":"<p>[vc_row row_content_width=&#8221;grid&#8221; disable_background_image=&#8221;&#8221; simple_background_image=&#8221;2944&#8243;][vc_column][vc_empty_space][vc_empty_space][\/vc_column][\/vc_row][vc_row][vc_column][vc_empty_space][vc_column_text] CUSTOMER REVIEWS [\/vc_column_text][vc_empty_space][vc_empty_space][\/vc_column][\/vc_row]<\/p>\n","protected":false},"author":1,"featured_media":0,"parent":0,"menu_order":0,"comment_status":"closed","ping_status":"closed","template":"full-width.php","meta":{"footnotes":""},"class_list":["post-3564","page","type-page","status-publish","hentry"],"_links":{"self":[{"href":"https:\/\/annahealingtouch.co.uk\/en\/wp-json\/wp\/v2\/pages\/3564","targetHints":{"allow":["GET"]}}],"collection":[{"href":"https:\/\/annahealingtouch.co.uk\/en\/wp-json\/wp\/v2\/pages"}],"about":[{"href":"https:\/\/annahealingtouch.co.uk\/en\/wp-json\/wp\/v2\/types\/page"}],"author":[{"embeddable":true,"href":"https:\/\/annahealingtouch.co.uk\/en\/wp-json\/wp\/v2\/users\/1"}],"replies":[{"embeddable":true,"href":"https:\/\/annahealingtouch.co.uk\/en\/wp-json\/wp\/v2\/comments?post=3564"}],"version-history":[{"count":26,"href":"https:\/\/annahealingtouch.co.uk\/en\/wp-json\/wp\/v2\/pages\/3564\/revisions"}],"predecessor-version":[{"id":4040,"href":"https:\/\/annahealingtouch.co.uk\/en\/wp-json\/wp\/v2\/pages\/3564\/revisions\/4040"}],"wp:attachment":[{"href":"https:\/\/annahealingtouch.co.uk\/en\/wp-json\/wp\/v2\/media?parent=3564"}],"curies":[{"name":"wp","href":"https:\/\/api.w.org\/{rel}","templated":true}]}}